{"id":9958,"date":"2020-06-22T10:08:07","date_gmt":"2020-06-22T10:08:07","guid":{"rendered":"http:\/\/bancale.es\/?page_id=9958"},"modified":"2020-06-22T10:10:06","modified_gmt":"2020-06-22T10:10:06","slug":"leases","status":"publish","type":"page","link":"https:\/\/bancale.es\/en\/home-bancale-2\/leases\/","title":{"rendered":"Leases"},"content":{"rendered":"<p>[vc_row type=&#8221;full-width-section&#8221; content_placement=&#8221;middle&#8221; css=&#8221;.vc_custom_1461570235341{margin-bottom: 0px !important;padding-top: 40px !important;padding-bottom: 0px !important;background-color: #353535 !important;}&#8221;][vc_column css=&#8221;.vc_custom_1460979155424{margin-top: 0px !important;margin-bottom: 0px !important;padding-top: 0px !important;padding-bottom: 0px !important;}&#8221;][vc_custom_heading text=&#8221;AVAILABLE LEASES&#8221; font_container=&#8221;tag:h2|font_size:40|text_align:center|color:%23ffffff&#8221; google_fonts=&#8221;font_family:Open%20Sans%3A300%2C300italic%2Cregular%2Citalic%2C600%2C600italic%2C700%2C700italic%2C800%2C800italic|font_style:300%20light%20regular%3A300%3Anormal&#8221; css=&#8221;.vc_custom_1588670086070{margin-top: 0px !important;margin-bottom: 0px !important;padding-top: 0px !important;padding-bottom: 30px !important;}&#8221;][\/vc_column][\/vc_row][vc_row type=&#8221;full-width-section&#8221; content_placement=&#8221;middle&#8221; css=&#8221;.vc_custom_1592236222338{margin-bottom: 0px !important;padding-top: 40px !important;padding-bottom: 0px !important;}&#8221;][vc_column css=&#8221;.vc_custom_1460979155424{margin-top: 0px !important;margin-bottom: 0px !important;padding-top: 0px !important;padding-bottom: 0px !important;}&#8221;][vc_custom_heading text=&#8221;OFFICES&#8221; font_container=&#8221;tag:h2|font_size:24|text_align:left|color:%23dd176e&#8221; google_fonts=&#8221;font_family:Open%20Sans%3A300%2C300italic%2Cregular%2Citalic%2C600%2C600italic%2C700%2C700italic%2C800%2C800italic|font_style:400%20regular%3A400%3Anormal&#8221; css=&#8221;.vc_custom_1592242902219{margin-top: 0px !important;margin-bottom: 0px !important;padding-top: 0px !important;padding-bottom: 30px !important;}&#8221;][\/vc_column][\/vc_row][vc_row][vc_column width=&#8221;1\/3&#8243;][vc_single_image image=&#8221;9702&#8243; img_size=&#8221;600&#215;400&#8243; onclick=&#8221;custom_link&#8221; hover_effect=&#8221;img_add_color&#8221; title=&#8221;Fuente de la Mora, 6&#8243; link=&#8221;http:\/\/bancale.es\/index.php\/home\/alquileres\/#contactoalquiler&#8221;][vc_column_text font_size=&#8221;18&#8243; line_height=&#8221;18&#8243;]<\/p>\n<ul>\n<li>from 500 m2<\/li>\n<li>Metro + Cercan\u00edas: Fuente de la Mora<\/li>\n<li>Parque Empresarial Manoteras<\/li>\n<li>MADRID<\/li>\n<\/ul>\n<p>[\/vc_column_text][\/vc_column][vc_column width=&#8221;1\/3&#8243;][\/vc_column][\/vc_row][vc_row type=&#8221;full-width-section&#8221; content_placement=&#8221;middle&#8221; css=&#8221;.vc_custom_1592236788586{margin-bottom: 0px !important;padding-top: 40px !important;padding-bottom: 0px !important;background-color: #f7f7f7 !important;}&#8221;][vc_column css=&#8221;.vc_custom_1460979155424{margin-top: 0px !important;margin-bottom: 0px !important;padding-top: 0px !important;padding-bottom: 0px !important;}&#8221;][vc_custom_heading text=&#8221;LOGISTICS&#8221; font_container=&#8221;tag:h2|font_size:24|text_align:left|color:%23dd176e&#8221; google_fonts=&#8221;font_family:Open%20Sans%3A300%2C300italic%2Cregular%2Citalic%2C600%2C600italic%2C700%2C700italic%2C800%2C800italic|font_style:400%20regular%3A400%3Anormal&#8221; css=&#8221;.vc_custom_1592242910791{margin-top: 0px !important;margin-bottom: 0px !important;padding-top: 0px !important;padding-bottom: 30px !important;}&#8221;][\/vc_column][\/vc_row][vc_row type=&#8221;full-width-section&#8221; css=&#8221;.vc_custom_1592580339090{background-color: #f7f7f7 !important;}&#8221;][vc_column width=&#8221;1\/3&#8243; css=&#8221;.vc_custom_1592244693955{margin-bottom: 30px !important;}&#8221;][vc_single_image image=&#8221;9996&#8243; img_size=&#8221;600&#215;400&#8243; hover_effect=&#8221;img_add_color&#8221; title=&#8221;Ronda&#8221;][vc_column_text font_size=&#8221;18&#8243; line_height=&#8221;18&#8243;]<\/p>\n<ul>\n<li>from 1.500 m2<\/li>\n<li>Ronda de la Feria de Muestras<\/li>\n<li>Plataforma Log\u00edstica PLAZA<\/li>\n<li>ZARAGOZA<\/li>\n<\/ul>\n<p>[\/vc_column_text][vc_empty_space height=&#8221;64px&#8221;][vc_single_image image=&#8221;10011&#8243; img_size=&#8221;600&#215;400&#8243; hover_effect=&#8221;img_add_color&#8221; title=&#8221;Project Carae&#8221;][vc_column_text font_size=&#8221;18&#8243; line_height=&#8221;22&#8243;]<\/p>\n<ul>\n<li>Turnkey project<\/li>\n<li>from 30.000 m2 of warehouse and up to 4.000 m2 of office<\/li>\n<li>Calle Carae<\/li>\n<li>Plataforma Log\u00edstica PLAZA<\/li>\n<li>ZARAGOZA<\/li>\n<\/ul>\n<p>[\/vc_column_text][\/vc_column][vc_column width=&#8221;1\/3&#8243;][vc_single_image image=&#8221;9994&#8243; img_size=&#8221;600&#215;400&#8243; hover_effect=&#8221;img_add_color&#8221; title=&#8221;Project Diagonal&#8221;][vc_column_text font_size=&#8221;18&#8243; line_height=&#8221;22&#8243;]<\/p>\n<ul>\n<li>Turnkey project<\/li>\n<li>from 6.000 m2 of warehouse and up to 1.200 m2 of office<\/li>\n<li>Avenida Diagonal Plaza<\/li>\n<li>Plataforma Log\u00edstica PLAZA<\/li>\n<li>ZARAGOZA<\/li>\n<\/ul>\n<p>[\/vc_column_text][\/vc_column][vc_column width=&#8221;1\/3&#8243;][vc_single_image image=&#8221;10013&#8243; img_size=&#8221;600&#215;400&#8243; hover_effect=&#8221;img_add_color&#8221; title=&#8221;Project Parque&#8221;][vc_column_text font_size=&#8221;18&#8243; line_height=&#8221;22&#8243;]<\/p>\n<ul>\n<li>Turnkey project<\/li>\n<li>from 14.000 m2 of warehouse and up to 3.000 m2 of office<\/li>\n<li>Calle Bari<\/li>\n<li>Plataforma Log\u00edstica PLAZA<\/li>\n<li>ZARAGOZA<\/li>\n<\/ul>\n<p>[\/vc_column_text][\/vc_column][\/vc_row][vc_row type=&#8221;full-width-section&#8221; content_placement=&#8221;middle&#8221; css=&#8221;.vc_custom_1592236222338{margin-bottom: 0px !important;padding-top: 40px !important;padding-bottom: 0px !important;}&#8221;][vc_column css=&#8221;.vc_custom_1460979155424{margin-top: 0px !important;margin-bottom: 0px !important;padding-top: 0px !important;padding-bottom: 0px !important;}&#8221;][vc_custom_heading text=&#8221;HOUSING&#8221; font_container=&#8221;tag:h2|font_size:24|text_align:left|color:%23dd176e&#8221; google_fonts=&#8221;font_family:Open%20Sans%3A300%2C300italic%2Cregular%2Citalic%2C600%2C600italic%2C700%2C700italic%2C800%2C800italic|font_style:400%20regular%3A400%3Anormal&#8221; css=&#8221;.vc_custom_1592243069480{margin-top: 0px !important;margin-bottom: 0px !important;padding-top: 0px !important;padding-bottom: 30px !important;}&#8221;][\/vc_column][\/vc_row][vc_row][vc_column width=&#8221;1\/3&#8243; css=&#8221;.vc_custom_1592244666548{margin-bottom: 30px !important;}&#8221;][vc_single_image image=&#8221;8074&#8243; img_size=&#8221;600&#215;400&#8243; onclick=&#8221;custom_link&#8221; hover_effect=&#8221;img_add_color&#8221; title=&#8221;V\u00eda Hispanidad, 13&#8243; link=&#8221;http:\/\/bancale.es\/index.php\/home\/alquileres\/#contactoalquiler&#8221;][vc_column_text font_size=&#8221;18&#8243; line_height=&#8221;18&#8243;]<\/p>\n<ul>\n<li>Flats available from 340 \u20ac<\/li>\n<li>1 or 2 rooms<\/li>\n<li>Barrio Casablanca<\/li>\n<li>ZARAGOZA<\/li>\n<\/ul>\n<p>[\/vc_column_text][\/vc_column][vc_column width=&#8221;1\/3&#8243;][vc_single_image image=&#8221;8590&#8243; img_size=&#8221;600&#215;400&#8243; onclick=&#8221;custom_link&#8221; hover_effect=&#8221;img_add_color&#8221; title=&#8221;Paseo de Eriste, 24&#8243; link=&#8221;http:\/\/bancale.es\/index.php\/home\/alquileres\/#contactoalquiler&#8221;][vc_column_text font_size=&#8221;18&#8243; line_height=&#8221;18&#8243;]<\/p>\n<ul>\n<li>Flats available from 350 \u20ac<\/li>\n<li>1 to 3 rooms<\/li>\n<li>BENASQUE, HUESCA<\/li>\n<\/ul>\n<p>[\/vc_column_text][\/vc_column][\/vc_row][vc_row type=&#8221;full-width-section&#8221; content_placement=&#8221;middle&#8221; css=&#8221;.vc_custom_1592243036910{margin-bottom: 0px !important;padding-top: 40px !important;padding-bottom: 0px !important;background-color: #f7f7f7 !important;}&#8221;][vc_column css=&#8221;.vc_custom_1460979155424{margin-top: 0px !important;margin-bottom: 0px !important;padding-top: 0px !important;padding-bottom: 0px !important;}&#8221;][vc_custom_heading text=&#8221;PARKING&#8221; font_container=&#8221;tag:h2|font_size:24|text_align:left|color:%23dd176e&#8221; google_fonts=&#8221;font_family:Open%20Sans%3A300%2C300italic%2Cregular%2Citalic%2C600%2C600italic%2C700%2C700italic%2C800%2C800italic|font_style:400%20regular%3A400%3Anormal&#8221; css=&#8221;.vc_custom_1592242935670{margin-top: 0px !important;margin-bottom: 0px !important;padding-top: 0px !important;padding-bottom: 30px !important;}&#8221;][\/vc_column][\/vc_row][vc_row type=&#8221;full-width-section&#8221; css=&#8221;.vc_custom_1592243714298{padding-bottom: 30px !important;background-color: #f7f7f7 !important;}&#8221;][vc_column width=&#8221;1\/3&#8243;][vc_single_image image=&#8221;8589&#8243; img_size=&#8221;600&#215;400&#8243; onclick=&#8221;custom_link&#8221; hover_effect=&#8221;img_add_color&#8221; title=&#8221;V\u00eda Hispanidad, 13&#8243; link=&#8221;http:\/\/bancale.es\/index.php\/home\/alquileres\/#contactoalquiler&#8221;][vc_column_text font_size=&#8221;18&#8243; line_height=&#8221;18&#8243;]<\/p>\n<ul>\n<li>from 60 \u20ac\/parking lot<\/li>\n<li>Barrio Casablanca<\/li>\n<li>ZARAGOZA<\/li>\n<\/ul>\n<p>[\/vc_column_text][\/vc_column][vc_column width=&#8221;1\/3&#8243;][\/vc_column][\/vc_row][vc_row el_id=&#8221;#contactoalquiler&#8221; css=&#8221;.vc_custom_1592244676800{margin-top: 50px !important;}&#8221;][vc_column width=&#8221;1\/2&#8243;][vc_custom_heading text=&#8221;GET IN TOUCH&#8221; font_container=&#8221;tag:h2|text_align:left|color:%23dd176e&#8221; google_fonts=&#8221;font_family:Open%20Sans%3A300%2C300italic%2Cregular%2Citalic%2C600%2C600italic%2C700%2C700italic%2C800%2C800italic|font_style:400%20regular%3A400%3Anormal&#8221; css=&#8221;.vc_custom_1592240145122{margin-top: 0px !important;margin-bottom: 0px !important;padding-top: 0px !important;padding-bottom: 30px !important;}&#8221;][vc_column_text font_size=&#8221;18&#8243;]Ask for more information and get a personalized offer. We will get right back to you.<\/p>\n<p>Or you are always welcome to call us at +34\u00a0<strong>976 23 89 60<\/strong>[\/vc_column_text]<style type=\"text\/css\" >#b_1zkkk0tuxhan346mhl0r a{color:#f3f3f3; background:#aa035c; margin-top:40px; margin-bottom:50px;  margin-left:0px; margin-right:0px; font-weight:700; border-radius:10px;}#b_1zkkk0tuxhan346mhl0r a:hover{color: ; background:rgba(170,3,92,0.79) ;}<\/style><div class=\"ta_left tf_btn_pos\" id=\"b_1zkkk0tuxhan346mhl0r\" ><a class=\"rd_normal_bt medium_rd_bt bt_icon_left   \" href=\"http:\/\/bancale.es\/home\/clientes\/\" target=\"\"   ><i class=\"lp-users\" ><\/i><span>Conoce a Nuestros Clientes<\/span><\/a><\/div><style type=\"text\/css\" >#b_1zkkk0tuxhan346mhl0r i {color:#f3f3f3;}#b_1zkkk0tuxhan346mhl0r a:hover i{color:;}<\/style><style type='text\/css'> @font-face{font-family: 'lp'; src:url('https:\/\/bancale.es\/wp-content\/themes\/thefox\/includes\/4k-icons\/icons\/4k-icons-pack03\/icons\/fonts\/lp.eot'); src:url('https:\/\/bancale.es\/wp-content\/themes\/thefox\/includes\/4k-icons\/icons\/4k-icons-pack03\/icons\/fonts\/lp.eot?#iefix') format('embedded-opentype'), url('https:\/\/bancale.es\/wp-content\/themes\/thefox\/includes\/4k-icons\/icons\/4k-icons-pack03\/icons\/fonts\/lp.woff') format('woff'), url('https:\/\/bancale.es\/wp-content\/themes\/thefox\/includes\/4k-icons\/icons\/4k-icons-pack03\/icons\/fonts\/lp.ttf') format('truetype'), url('https:\/\/bancale.es\/wp-content\/themes\/thefox\/includes\/4k-icons\/icons\/4k-icons-pack03\/icons\/fonts\/lp.svg#oi') format('svg'); font-weight: normal; font-style: normal;}#b_1zkkk0tuxhan346mhl0r .lp-users:before{font-family: 'lp'; font-weight: normal; font-style: normal;}#b_1zkkk0tuxhan346mhl0r .lp-users:before{content: \"\\e054\";}<\/style>\n[\/vc_column][vc_column width=&#8221;1\/2&#8243;]<div class=\"wpforms-container wpforms-container-full\" id=\"wpforms-9992\"><form id=\"wpforms-form-9992\" class=\"wpforms-validate wpforms-form\" data-formid=\"9992\" method=\"post\" enctype=\"multipart\/form-data\" action=\"\/en\/wp-json\/wp\/v2\/pages\/9958\" data-token=\"c14022f03ac92bff67ce906cf4791cc5\" data-token-time=\"1776202015\"><noscript class=\"wpforms-error-noscript\">Please enable JavaScript in your browser to complete this form.<\/noscript><div class=\"wpforms-field-container\"><div id=\"wpforms-9992-field_0-container\" class=\"wpforms-field wpforms-field-name\" data-field-id=\"0\"><label class=\"wpforms-field-label\" for=\"wpforms-9992-field_0\">Nombre <span class=\"wpforms-required-label\">*<\/span><\/label><input type=\"text\" id=\"wpforms-9992-field_0\" class=\"wpforms-field-medium wpforms-field-required\" name=\"wpforms[fields][0]\" required><\/div><div id=\"wpforms-9992-field_1-container\" class=\"wpforms-field wpforms-field-email\" data-field-id=\"1\"><label class=\"wpforms-field-label\" for=\"wpforms-9992-field_1\">Correo electr\u00f3nico <span class=\"wpforms-required-label\">*<\/span><\/label><input type=\"email\" id=\"wpforms-9992-field_1\" class=\"wpforms-field-medium wpforms-field-required\" name=\"wpforms[fields][1]\" spellcheck=\"false\" required><\/div><div id=\"wpforms-9992-field_4-container\" class=\"wpforms-field wpforms-field-number\" data-field-id=\"4\"><label class=\"wpforms-field-label\" for=\"wpforms-9992-field_4\">Tel\u00e9fono<\/label><input type=\"number\" id=\"wpforms-9992-field_4\" class=\"wpforms-field-medium\" name=\"wpforms[fields][4]\" step=\"any\" ><\/div><div id=\"wpforms-9992-field_7-container\" class=\"wpforms-field wpforms-field-text\" data-field-id=\"7\"><label class=\"wpforms-field-label\" for=\"wpforms-9992-field_7\">Asunto<\/label><input type=\"text\" id=\"wpforms-9992-field_7\" class=\"wpforms-field-medium\" name=\"wpforms[fields][7]\" ><\/div><div id=\"wpforms-9992-field_2-container\" class=\"wpforms-field wpforms-field-textarea\" data-field-id=\"2\"><label class=\"wpforms-field-label\" for=\"wpforms-9992-field_2\">Comentario o mensaje <span class=\"wpforms-required-label\">*<\/span><\/label><textarea id=\"wpforms-9992-field_2\" class=\"wpforms-field-medium wpforms-field-required\" name=\"wpforms[fields][2]\" required><\/textarea><\/div><div id=\"wpforms-9992-field_6-container\" class=\"wpforms-field wpforms-field-gdpr-checkbox\" data-field-id=\"6\"><label class=\"wpforms-field-label\">Acuerdo RGPD  <span class=\"wpforms-required-label\">*<\/span><\/label><ul id=\"wpforms-9992-field_6\" class=\"wpforms-field-required\"><li class=\"choice-1\"><input type=\"checkbox\" id=\"wpforms-9992-field_6_1\" name=\"wpforms[fields][6][]\" value=\"Doy mi consentimiento para que esta web almacene la informaci\u00f3n que env\u00edo para que puedan responder a mi petici\u00f3n. \" required ><label class=\"wpforms-field-label-inline\" for=\"wpforms-9992-field_6_1\">Doy mi consentimiento para que esta web almacene la informaci\u00f3n que env\u00edo para que puedan responder a mi petici\u00f3n. <\/label><\/li><\/ul><\/div><\/div><!-- .wpforms-field-container --><div class=\"wpforms-field wpforms-field-hp\"><label for=\"wpforms-9992-field-hp\" class=\"wpforms-field-label\">Phone<\/label><input type=\"text\" name=\"wpforms[hp]\" id=\"wpforms-9992-field-hp\" class=\"wpforms-field-medium\"><\/div><div class=\"wpforms-recaptcha-container wpforms-is-recaptcha wpforms-is-recaptcha-type-v2\" ><div class=\"g-recaptcha\" data-sitekey=\"6LexHaUZAAAAACkN1os-SqUgVnMnWK63acn2UQwt\"><\/div><input type=\"text\" name=\"g-recaptcha-hidden\" class=\"wpforms-recaptcha-hidden\" style=\"position:absolute!important;clip:rect(0,0,0,0)!important;height:1px!important;width:1px!important;border:0!important;overflow:hidden!important;padding:0!important;margin:0!important;\" data-rule-recaptcha=\"1\"><\/div><div class=\"wpforms-submit-container\" ><input type=\"hidden\" name=\"wpforms[id]\" value=\"9992\"><input type=\"hidden\" name=\"page_title\" value=\"\"><input type=\"hidden\" name=\"page_url\" value=\"https:\/\/bancale.es\/en\/wp-json\/wp\/v2\/pages\/9958\"><input type=\"hidden\" name=\"url_referer\" value=\"\"><button type=\"submit\" name=\"wpforms[submit]\" id=\"wpforms-submit-9992\" class=\"wpforms-submit\" data-alt-text=\"Enviando...\" data-submit-text=\"Enviar\" aria-live=\"assertive\" value=\"wpforms-submit\">Enviar<\/button><\/div><\/form><\/div>  <!-- .wpforms-container -->[\/vc_column][\/vc_row]<\/p>\n","protected":false},"excerpt":{"rendered":"<p>[vc_row type=&#8221;full-width-section&#8221; content_placement=&#8221;middle&#8221; css=&#8221;.vc_custom_1461570235341{margin-bottom: 0px !important;padding-top: 40px !important;padding-bottom: 0px !important;background-color: #353535 !important;}&#8221;][vc_column css=&#8221;.vc_custom_1460979155424{margin-top: 0px !important;margin-bottom: 0px !important;padding-top: 0px !important;padding-bottom: 0px !important;}&#8221;][vc_custom_heading text=&#8221;AVAILABLE LEASES&#8221; font_container=&#8221;tag:h2|font_size:40|text_align:center|color:%23ffffff&#8221; google_fonts=&#8221;font_family:Open%20Sans%3A300%2C300italic%2Cregular%2Citalic%2C600%2C600italic%2C700%2C700italic%2C800%2C800italic|font_style:300%20light%20regular%3A300%3Anormal&#8221; css=&#8221;.vc_custom_1588670086070{margin-top: 0px !important;margin-bottom: 0px !important;padding-top: 0px !important;padding-bottom: 30px !important;}&#8221;][\/vc_column][\/vc_row][vc_row type=&#8221;full-width-section&#8221; content_placement=&#8221;middle&#8221; css=&#8221;.vc_custom_1592236222338{margin-bottom: 0px !important;padding-top: 40px !important;padding-bottom: 0px !important;}&#8221;][vc_column css=&#8221;.vc_custom_1460979155424{margin-top: 0px !important;margin-bottom: 0px !important;padding-top: 0px !important;padding-bottom: 0px !important;}&#8221;][vc_custom_heading text=&#8221;OFFICES&#8221; font_container=&#8221;tag:h2|font_size:24|text_align:left|color:%23dd176e&#8221; google_fonts=&#8221;font_family:Open%20Sans%3A300%2C300italic%2Cregular%2Citalic%2C600%2C600italic%2C700%2C700italic%2C800%2C800italic|font_style:400%20regular%3A400%3Anormal&#8221;<br \/><a href=\"https:\/\/bancale.es\/en\/home-bancale-2\/leases\/\" class=\"more\">Read more<\/a><\/p>\n","protected":false},"author":3,"featured_media":0,"parent":9039,"menu_order":0,"comment_status":"closed","ping_status":"closed","template":"","meta":{"_monsterinsights_skip_tracking":false,"_monsterinsights_sitenote_active":false,"_monsterinsights_sitenote_note":"","_monsterinsights_sitenote_category":0,"footnotes":""},"yoast_head":"<!-- This site is optimized with the Yoast SEO plugin v23.5 - https:\/\/yoast.com\/wordpress\/plugins\/seo\/ -->\n<title>Leases - Bancal\u00e9<\/title>\n<meta name=\"robots\" content=\"index, follow, max-snippet:-1, max-image-preview:large, max-video-preview:-1\" \/>\n<link rel=\"canonical\" href=\"https:\/\/bancale.es\/en\/home-bancale-2\/leases\/\" \/>\n<meta property=\"og:locale\" content=\"en_US\" \/>\n<meta property=\"og:type\" content=\"article\" \/>\n<meta property=\"og:title\" content=\"Leases - Bancal\u00e9\" \/>\n<meta property=\"og:description\" content=\"[vc_row type=&#8221;full-width-section&#8221; content_placement=&#8221;middle&#8221; css=&#8221;.vc_custom_1461570235341{margin-bottom: 0px !important;padding-top: 40px !important;padding-bottom: 0px !important;background-color: #353535 !important;}&#8221;][vc_column css=&#8221;.vc_custom_1460979155424{margin-top: 0px !important;margin-bottom: 0px !important;padding-top: 0px !important;padding-bottom: 0px !important;}&#8221;][vc_custom_heading text=&#8221;AVAILABLE LEASES&#8221; font_container=&#8221;tag:h2|font_size:40|text_align:center|color:%23ffffff&#8221; google_fonts=&#8221;font_family:Open%20Sans%3A300%2C300italic%2Cregular%2Citalic%2C600%2C600italic%2C700%2C700italic%2C800%2C800italic|font_style:300%20light%20regular%3A300%3Anormal&#8221; css=&#8221;.vc_custom_1588670086070{margin-top: 0px !important;margin-bottom: 0px !important;padding-top: 0px !important;padding-bottom: 30px !important;}&#8221;][\/vc_column][\/vc_row][vc_row type=&#8221;full-width-section&#8221; content_placement=&#8221;middle&#8221; css=&#8221;.vc_custom_1592236222338{margin-bottom: 0px !important;padding-top: 40px !important;padding-bottom: 0px !important;}&#8221;][vc_column css=&#8221;.vc_custom_1460979155424{margin-top: 0px !important;margin-bottom: 0px !important;padding-top: 0px !important;padding-bottom: 0px !important;}&#8221;][vc_custom_heading text=&#8221;OFFICES&#8221; font_container=&#8221;tag:h2|font_size:24|text_align:left|color:%23dd176e&#8221; google_fonts=&#8221;font_family:Open%20Sans%3A300%2C300italic%2Cregular%2Citalic%2C600%2C600italic%2C700%2C700italic%2C800%2C800italic|font_style:400%20regular%3A400%3Anormal&#8221;Read more\" \/>\n<meta property=\"og:url\" content=\"https:\/\/bancale.es\/en\/home-bancale-2\/leases\/\" \/>\n<meta property=\"og:site_name\" content=\"Bancal\u00e9\" \/>\n<meta property=\"article:modified_time\" content=\"2020-06-22T10:10:06+00:00\" \/>\n<meta name=\"twitter:card\" content=\"summary_large_image\" \/>\n<meta name=\"twitter:label1\" content=\"Est. reading time\" \/>\n\t<meta name=\"twitter:data1\" content=\"6 minutes\" \/>\n<script type=\"application\/ld+json\" class=\"yoast-schema-graph\">{\"@context\":\"https:\/\/schema.org\",\"@graph\":[{\"@type\":\"WebPage\",\"@id\":\"https:\/\/bancale.es\/en\/home-bancale-2\/leases\/\",\"url\":\"https:\/\/bancale.es\/en\/home-bancale-2\/leases\/\",\"name\":\"Leases - Bancal\u00e9\",\"isPartOf\":{\"@id\":\"https:\/\/bancale.es\/en\/#website\"},\"datePublished\":\"2020-06-22T10:08:07+00:00\",\"dateModified\":\"2020-06-22T10:10:06+00:00\",\"breadcrumb\":{\"@id\":\"https:\/\/bancale.es\/en\/home-bancale-2\/leases\/#breadcrumb\"},\"inLanguage\":\"en-US\",\"potentialAction\":[{\"@type\":\"ReadAction\",\"target\":[\"https:\/\/bancale.es\/en\/home-bancale-2\/leases\/\"]}]},{\"@type\":\"BreadcrumbList\",\"@id\":\"https:\/\/bancale.es\/en\/home-bancale-2\/leases\/#breadcrumb\",\"itemListElement\":[{\"@type\":\"ListItem\",\"position\":1,\"name\":\"Portada\",\"item\":\"https:\/\/bancale.es\/en\/\"},{\"@type\":\"ListItem\",\"position\":2,\"name\":\"Home\",\"item\":\"https:\/\/bancale.es\/en\/\"},{\"@type\":\"ListItem\",\"position\":3,\"name\":\"Leases\"}]},{\"@type\":\"WebSite\",\"@id\":\"https:\/\/bancale.es\/en\/#website\",\"url\":\"https:\/\/bancale.es\/en\/\",\"name\":\"Bancal\u00e9\",\"description\":\"Grupo\",\"potentialAction\":[{\"@type\":\"SearchAction\",\"target\":{\"@type\":\"EntryPoint\",\"urlTemplate\":\"https:\/\/bancale.es\/en\/?s={search_term_string}\"},\"query-input\":{\"@type\":\"PropertyValueSpecification\",\"valueRequired\":true,\"valueName\":\"search_term_string\"}}],\"inLanguage\":\"en-US\"}]}<\/script>\n<!-- \/ Yoast SEO plugin. -->","yoast_head_json":{"title":"Leases - Bancal\u00e9","robots":{"index":"index","follow":"follow","max-snippet":"max-snippet:-1","max-image-preview":"max-image-preview:large","max-video-preview":"max-video-preview:-1"},"canonical":"https:\/\/bancale.es\/en\/home-bancale-2\/leases\/","og_locale":"en_US","og_type":"article","og_title":"Leases - Bancal\u00e9","og_description":"[vc_row type=&#8221;full-width-section&#8221; content_placement=&#8221;middle&#8221; css=&#8221;.vc_custom_1461570235341{margin-bottom: 0px !important;padding-top: 40px !important;padding-bottom: 0px !important;background-color: #353535 !important;}&#8221;][vc_column css=&#8221;.vc_custom_1460979155424{margin-top: 0px !important;margin-bottom: 0px !important;padding-top: 0px !important;padding-bottom: 0px !important;}&#8221;][vc_custom_heading text=&#8221;AVAILABLE LEASES&#8221; font_container=&#8221;tag:h2|font_size:40|text_align:center|color:%23ffffff&#8221; google_fonts=&#8221;font_family:Open%20Sans%3A300%2C300italic%2Cregular%2Citalic%2C600%2C600italic%2C700%2C700italic%2C800%2C800italic|font_style:300%20light%20regular%3A300%3Anormal&#8221; css=&#8221;.vc_custom_1588670086070{margin-top: 0px !important;margin-bottom: 0px !important;padding-top: 0px !important;padding-bottom: 30px !important;}&#8221;][\/vc_column][\/vc_row][vc_row type=&#8221;full-width-section&#8221; content_placement=&#8221;middle&#8221; css=&#8221;.vc_custom_1592236222338{margin-bottom: 0px !important;padding-top: 40px !important;padding-bottom: 0px !important;}&#8221;][vc_column css=&#8221;.vc_custom_1460979155424{margin-top: 0px !important;margin-bottom: 0px !important;padding-top: 0px !important;padding-bottom: 0px !important;}&#8221;][vc_custom_heading text=&#8221;OFFICES&#8221; font_container=&#8221;tag:h2|font_size:24|text_align:left|color:%23dd176e&#8221; google_fonts=&#8221;font_family:Open%20Sans%3A300%2C300italic%2Cregular%2Citalic%2C600%2C600italic%2C700%2C700italic%2C800%2C800italic|font_style:400%20regular%3A400%3Anormal&#8221;Read more","og_url":"https:\/\/bancale.es\/en\/home-bancale-2\/leases\/","og_site_name":"Bancal\u00e9","article_modified_time":"2020-06-22T10:10:06+00:00","twitter_card":"summary_large_image","twitter_misc":{"Est. reading time":"6 minutes"},"schema":{"@context":"https:\/\/schema.org","@graph":[{"@type":"WebPage","@id":"https:\/\/bancale.es\/en\/home-bancale-2\/leases\/","url":"https:\/\/bancale.es\/en\/home-bancale-2\/leases\/","name":"Leases - Bancal\u00e9","isPartOf":{"@id":"https:\/\/bancale.es\/en\/#website"},"datePublished":"2020-06-22T10:08:07+00:00","dateModified":"2020-06-22T10:10:06+00:00","breadcrumb":{"@id":"https:\/\/bancale.es\/en\/home-bancale-2\/leases\/#breadcrumb"},"inLanguage":"en-US","potentialAction":[{"@type":"ReadAction","target":["https:\/\/bancale.es\/en\/home-bancale-2\/leases\/"]}]},{"@type":"BreadcrumbList","@id":"https:\/\/bancale.es\/en\/home-bancale-2\/leases\/#breadcrumb","itemListElement":[{"@type":"ListItem","position":1,"name":"Portada","item":"https:\/\/bancale.es\/en\/"},{"@type":"ListItem","position":2,"name":"Home","item":"https:\/\/bancale.es\/en\/"},{"@type":"ListItem","position":3,"name":"Leases"}]},{"@type":"WebSite","@id":"https:\/\/bancale.es\/en\/#website","url":"https:\/\/bancale.es\/en\/","name":"Bancal\u00e9","description":"Grupo","potentialAction":[{"@type":"SearchAction","target":{"@type":"EntryPoint","urlTemplate":"https:\/\/bancale.es\/en\/?s={search_term_string}"},"query-input":{"@type":"PropertyValueSpecification","valueRequired":true,"valueName":"search_term_string"}}],"inLanguage":"en-US"}]}},"_links":{"self":[{"href":"https:\/\/bancale.es\/en\/wp-json\/wp\/v2\/pages\/9958"}],"collection":[{"href":"https:\/\/bancale.es\/en\/wp-json\/wp\/v2\/pages"}],"about":[{"href":"https:\/\/bancale.es\/en\/wp-json\/wp\/v2\/types\/page"}],"author":[{"embeddable":true,"href":"https:\/\/bancale.es\/en\/wp-json\/wp\/v2\/users\/3"}],"replies":[{"embeddable":true,"href":"https:\/\/bancale.es\/en\/wp-json\/wp\/v2\/comments?post=9958"}],"version-history":[{"count":5,"href":"https:\/\/bancale.es\/en\/wp-json\/wp\/v2\/pages\/9958\/revisions"}],"predecessor-version":[{"id":10029,"href":"https:\/\/bancale.es\/en\/wp-json\/wp\/v2\/pages\/9958\/revisions\/10029"}],"up":[{"embeddable":true,"href":"https:\/\/bancale.es\/en\/wp-json\/wp\/v2\/pages\/9039"}],"wp:attachment":[{"href":"https:\/\/bancale.es\/en\/wp-json\/wp\/v2\/media?parent=9958"}],"curies":[{"name":"wp","href":"https:\/\/api.w.org\/{rel}","templated":true}]}}