{"id":9086,"date":"2016-04-18T11:51:53","date_gmt":"2016-04-18T11:51:53","guid":{"rendered":"http:\/\/bancale.es\/index.php\/home-bancale\/inversion\/sectores-de-activadad\/energia\/?lang=en"},"modified":"2020-01-10T10:03:19","modified_gmt":"2020-01-10T10:03:19","slug":"energia","status":"publish","type":"page","link":"https:\/\/bancale.es\/en\/home-bancale-2\/inversion-2\/sectores-de-activadad-2\/energia\/","title":{"rendered":"Energy"},"content":{"rendered":"<p>[vc_row type=&#8221;full-width-section&#8221; css=&#8221;.vc_custom_1461668783854{margin-top: 0px !important;margin-bottom: 0px !important;padding-top: 20px !important;padding-bottom: 0px !important;background-color: #f7f7f7 !important;}&#8221;][vc_column width=&#8221;1\/4&#8243; offset=&#8221;vc_hidden-xs&#8221;][vc_widget_sidebar sidebar_id=&#8221;thefox_mc_sidebar&#8221;][\/vc_column][vc_column width=&#8221;1\/12&#8243; offset=&#8221;vc_hidden-xs&#8221;][\/vc_column][vc_column width=&#8221;7\/12&#8243; css=&#8221;.vc_custom_1462530031148{padding-top: 40px !important;padding-bottom: 40px !important;}&#8221;]<style type=\"text\/css\" >#ic_yrsc17pjndchgm3ojtky {margin:0px auto 0px; }#ic_yrsc17pjndchgm3ojtky .ic_left,#ic_yrsc17pjndchgm3ojtky .ic_right,#ic_yrsc17pjndchgm3ojtky .ic_left:after,#ic_yrsc17pjndchgm3ojtky .ic_right:after{border-color:transparent; background:#ffffff; color:#000000; }#ic_yrsc17pjndchgm3ojtky .ic_left:hover,#ic_yrsc17pjndchgm3ojtky .ic_right:hover,#ic_yrsc17pjndchgm3ojtky .ic_left:hover:after,#ic_yrsc17pjndchgm3ojtky .ic_right:hover:after{background:transparent; color:#dd176e; }#ic_yrsc17pjndchgm3ojtky .rd_ic_pager a{border-color:transparent; background:#ffffff; color:#000000; }#ic_yrsc17pjndchgm3ojtky .rd_ic_pager a:hover{border-color:#dd176e; background:#dd176e; color:#ffffff; }<\/style><script type=\"text\/javascript\" charset=\"utf-8\">\r\n\t\t\t\t\r\n\t\tjQuery.noConflict();\r\n\t\/\/setup up Carousel\r\n\t\tjQuery(document).ready(function($) {\t\r\n\t\t\t\r\n\t\t\"use strict\";\r\n\t\t\r\n\t\t\t$(window).load(function(){\r\n\t\t$(\"#ic_yrsc17pjndchgm3ojtky .rd_img_carousel\").carouFredSel({\r\n\t\t\t\t\t\r\n\t\t\t\t\tresponsive: true,\r\n\t\t\t\t\twidth: \"100%\",scroll:  { items:1,duration: 600},\r\n\t\t\t\t\tauto: true,\r\n\t\t\t\t\tprev: \"#ic_yrsc17pjndchgm3ojtky .ic_left\",\r\n\t\t\t\t\tnext: \"#ic_yrsc17pjndchgm3ojtky .ic_right\",\r\n\t\t\t\t\tpagination: \"#ic_yrsc17pjndchgm3ojtky_pager\",\r\n\t\t\t\t\theight : \"variable\",\r\n\t\t\t\t\tswipe       : {\r\n             \t\t   onTouch     : true,\r\n\t\t               onMouse     : false\r\n        \t\t    },\r\n\t\t\t\t\titems: {\r\n\t\t\t\t\theight : \"variable\",\r\n\t\t\t\t\t\tvisible: {\r\n\t\t\t\t\t\t\tmin: 1,\r\n\t\t\t\t\t\t\tmax: 1\r\n\t\t\t\t\t\t}\r\n\t\t\t\t\t}\r\n\t\t\t\t});\r\n\t\t\t\t});\r\n\t\t\t\t});\r\n\t<\/script><div class=\"rd_img_carousel_ctn rda_fadeIn hover_nav_style\" id=\"ic_yrsc17pjndchgm3ojtky\"><div class=\"ic_nav\"><div class=\"ic_left\" ><\/div><div class=\"ic_right\" ><\/div><\/div><div class=\"rd_img_carousel\"><img loading=\"lazy\" decoding=\"async\" class=\"\" src=\"https:\/\/bancale.es\/wp-content\/uploads\/2016\/04\/energias-renovables-600x400.jpg\" width=\"600\" height=\"400\" alt=\"Bancal\u00e9 dispone actualmente un parque de energ\u00eda solar fotovoltaica y participaci\u00f3n en distintos parqu\u00e9s e\u00f3licos.\" title=\"Bancal\u00e9 dispone actualmente un parque de energ\u00eda solar fotovoltaica y participaci\u00f3n en distintos parqu\u00e9s e\u00f3licos.\" \/><img loading=\"lazy\" decoding=\"async\" class=\"\" src=\"https:\/\/bancale.es\/wp-content\/uploads\/2019\/10\/Eolica.jpg\" width=\"552\" height=\"368\" alt=\"Eolica\" title=\"Eolica\" \/><\/div><\/div>[vc_custom_heading text=&#8221;Energy&#8221; google_fonts=&#8221;font_family:Open%20Sans%3A300%2C300italic%2Cregular%2Citalic%2C600%2C600italic%2C700%2C700italic%2C800%2C800italic|font_style:300%20light%20regular%3A300%3Anormal&#8221; css=&#8221;.vc_custom_1460980289883{padding-top: 30px !important;padding-bottom: 0px !important;}&#8221;][vc_column_text font_size=&#8221;15&#8243;]Bancal\u00e9 currently has a photovoltaic solar energy farm stock and stockholdings in different wind farms, all of them with top tier <em>partners<\/em> in this sector. It is currently considering the acquisition of holdings in different operating wind power projects, all of them in Spain, with consolidated performance in terms of wind hours, excellent maintenance done by leading companies, top-level wind turbines, all of which is supported by optimal operating results.[\/vc_column_text][\/vc_column][vc_column width=&#8221;1\/12&#8243; offset=&#8221;vc_hidden-xs&#8221;][\/vc_column][\/vc_row]<\/p>\n","protected":false},"excerpt":{"rendered":"<p>[vc_row type=&#8221;full-width-section&#8221; css=&#8221;.vc_custom_1461668783854{margin-top: 0px !important;margin-bottom: 0px !important;padding-top: 20px !important;padding-bottom: 0px !important;background-color: #f7f7f7 !important;}&#8221;][vc_column width=&#8221;1\/4&#8243; offset=&#8221;vc_hidden-xs&#8221;][vc_widget_sidebar sidebar_id=&#8221;thefox_mc_sidebar&#8221;][\/vc_column][vc_column width=&#8221;1\/12&#8243; offset=&#8221;vc_hidden-xs&#8221;][\/vc_column][vc_column width=&#8221;7\/12&#8243; css=&#8221;.vc_custom_1462530031148{padding-top: 40px !important;padding-bottom: 40px !important;}&#8221;][vc_custom_heading text=&#8221;Energy&#8221; google_fonts=&#8221;font_family:Open%20Sans%3A300%2C300italic%2Cregular%2Citalic%2C600%2C600italic%2C700%2C700italic%2C800%2C800italic|font_style:300%20light%20regular%3A300%3Anormal&#8221; css=&#8221;.vc_custom_1460980289883{padding-top: 30px !important;padding-bottom: 0px !important;}&#8221;][vc_column_text font_size=&#8221;15&#8243;]Bancal\u00e9 currently has a photovoltaic solar energy farm stock and stockholdings in different wind farms, all of them with top tier partners in this<br \/><a href=\"https:\/\/bancale.es\/en\/home-bancale-2\/inversion-2\/sectores-de-activadad-2\/energia\/\" class=\"more\">Read more<\/a><\/p>\n","protected":false},"author":3,"featured_media":0,"parent":9081,"menu_order":0,"comment_status":"closed","ping_status":"closed","template":"","meta":{"_monsterinsights_skip_tracking":false,"_monsterinsights_sitenote_active":false,"_monsterinsights_sitenote_note":"","_monsterinsights_sitenote_category":0,"footnotes":""},"yoast_head":"<!-- This site is optimized with the Yoast SEO plugin v23.5 - https:\/\/yoast.com\/wordpress\/plugins\/seo\/ -->\n<title>Energy - Bancal\u00e9<\/title>\n<meta name=\"robots\" content=\"index, follow, max-snippet:-1, max-image-preview:large, max-video-preview:-1\" \/>\n<link rel=\"canonical\" href=\"https:\/\/bancale.es\/en\/home-bancale-2\/inversion-2\/sectores-de-activadad-2\/energia\/\" \/>\n<meta property=\"og:locale\" content=\"en_US\" \/>\n<meta property=\"og:type\" content=\"article\" \/>\n<meta property=\"og:title\" content=\"Energy - Bancal\u00e9\" \/>\n<meta property=\"og:description\" content=\"[vc_row type=&#8221;full-width-section&#8221; css=&#8221;.vc_custom_1461668783854{margin-top: 0px !important;margin-bottom: 0px !important;padding-top: 20px !important;padding-bottom: 0px !important;background-color: #f7f7f7 !important;}&#8221;][vc_column width=&#8221;1\/4&#8243; offset=&#8221;vc_hidden-xs&#8221;][vc_widget_sidebar sidebar_id=&#8221;thefox_mc_sidebar&#8221;][\/vc_column][vc_column width=&#8221;1\/12&#8243; offset=&#8221;vc_hidden-xs&#8221;][\/vc_column][vc_column width=&#8221;7\/12&#8243; css=&#8221;.vc_custom_1462530031148{padding-top: 40px !important;padding-bottom: 40px !important;}&#8221;][vc_custom_heading text=&#8221;Energy&#8221; google_fonts=&#8221;font_family:Open%20Sans%3A300%2C300italic%2Cregular%2Citalic%2C600%2C600italic%2C700%2C700italic%2C800%2C800italic|font_style:300%20light%20regular%3A300%3Anormal&#8221; css=&#8221;.vc_custom_1460980289883{padding-top: 30px !important;padding-bottom: 0px !important;}&#8221;][vc_column_text font_size=&#8221;15&#8243;]Bancal\u00e9 currently has a photovoltaic solar energy farm stock and stockholdings in different wind farms, all of them with top tier partners in thisRead more\" \/>\n<meta property=\"og:url\" content=\"https:\/\/bancale.es\/en\/home-bancale-2\/inversion-2\/sectores-de-activadad-2\/energia\/\" \/>\n<meta property=\"og:site_name\" content=\"Bancal\u00e9\" \/>\n<meta property=\"article:modified_time\" content=\"2020-01-10T10:03:19+00:00\" \/>\n<meta name=\"twitter:card\" content=\"summary_large_image\" \/>\n<meta name=\"twitter:label1\" content=\"Est. reading time\" \/>\n\t<meta name=\"twitter:data1\" content=\"1 minute\" \/>\n<script type=\"application\/ld+json\" class=\"yoast-schema-graph\">{\"@context\":\"https:\/\/schema.org\",\"@graph\":[{\"@type\":\"WebPage\",\"@id\":\"https:\/\/bancale.es\/en\/home-bancale-2\/inversion-2\/sectores-de-activadad-2\/energia\/\",\"url\":\"https:\/\/bancale.es\/en\/home-bancale-2\/inversion-2\/sectores-de-activadad-2\/energia\/\",\"name\":\"Energy - Bancal\u00e9\",\"isPartOf\":{\"@id\":\"https:\/\/bancale.es\/en\/#website\"},\"datePublished\":\"2016-04-18T11:51:53+00:00\",\"dateModified\":\"2020-01-10T10:03:19+00:00\",\"breadcrumb\":{\"@id\":\"https:\/\/bancale.es\/en\/home-bancale-2\/inversion-2\/sectores-de-activadad-2\/energia\/#breadcrumb\"},\"inLanguage\":\"en-US\",\"potentialAction\":[{\"@type\":\"ReadAction\",\"target\":[\"https:\/\/bancale.es\/en\/home-bancale-2\/inversion-2\/sectores-de-activadad-2\/energia\/\"]}]},{\"@type\":\"BreadcrumbList\",\"@id\":\"https:\/\/bancale.es\/en\/home-bancale-2\/inversion-2\/sectores-de-activadad-2\/energia\/#breadcrumb\",\"itemListElement\":[{\"@type\":\"ListItem\",\"position\":1,\"name\":\"Portada\",\"item\":\"https:\/\/bancale.es\/en\/\"},{\"@type\":\"ListItem\",\"position\":2,\"name\":\"Home\",\"item\":\"https:\/\/bancale.es\/en\/\"},{\"@type\":\"ListItem\",\"position\":3,\"name\":\"Investment\",\"item\":\"https:\/\/bancale.es\/en\/home-bancale-2\/inversion-2\/\"},{\"@type\":\"ListItem\",\"position\":4,\"name\":\"Activity Sectors\",\"item\":\"https:\/\/bancale.es\/en\/home-bancale-2\/inversion-2\/sectores-de-activadad-2\/\"},{\"@type\":\"ListItem\",\"position\":5,\"name\":\"Energy\"}]},{\"@type\":\"WebSite\",\"@id\":\"https:\/\/bancale.es\/en\/#website\",\"url\":\"https:\/\/bancale.es\/en\/\",\"name\":\"Bancal\u00e9\",\"description\":\"Grupo\",\"potentialAction\":[{\"@type\":\"SearchAction\",\"target\":{\"@type\":\"EntryPoint\",\"urlTemplate\":\"https:\/\/bancale.es\/en\/?s={search_term_string}\"},\"query-input\":{\"@type\":\"PropertyValueSpecification\",\"valueRequired\":true,\"valueName\":\"search_term_string\"}}],\"inLanguage\":\"en-US\"}]}<\/script>\n<!-- \/ Yoast SEO plugin. -->","yoast_head_json":{"title":"Energy - Bancal\u00e9","robots":{"index":"index","follow":"follow","max-snippet":"max-snippet:-1","max-image-preview":"max-image-preview:large","max-video-preview":"max-video-preview:-1"},"canonical":"https:\/\/bancale.es\/en\/home-bancale-2\/inversion-2\/sectores-de-activadad-2\/energia\/","og_locale":"en_US","og_type":"article","og_title":"Energy - Bancal\u00e9","og_description":"[vc_row type=&#8221;full-width-section&#8221; css=&#8221;.vc_custom_1461668783854{margin-top: 0px !important;margin-bottom: 0px !important;padding-top: 20px !important;padding-bottom: 0px !important;background-color: #f7f7f7 !important;}&#8221;][vc_column width=&#8221;1\/4&#8243; offset=&#8221;vc_hidden-xs&#8221;][vc_widget_sidebar sidebar_id=&#8221;thefox_mc_sidebar&#8221;][\/vc_column][vc_column width=&#8221;1\/12&#8243; offset=&#8221;vc_hidden-xs&#8221;][\/vc_column][vc_column width=&#8221;7\/12&#8243; css=&#8221;.vc_custom_1462530031148{padding-top: 40px !important;padding-bottom: 40px !important;}&#8221;][vc_custom_heading text=&#8221;Energy&#8221; google_fonts=&#8221;font_family:Open%20Sans%3A300%2C300italic%2Cregular%2Citalic%2C600%2C600italic%2C700%2C700italic%2C800%2C800italic|font_style:300%20light%20regular%3A300%3Anormal&#8221; css=&#8221;.vc_custom_1460980289883{padding-top: 30px !important;padding-bottom: 0px !important;}&#8221;][vc_column_text font_size=&#8221;15&#8243;]Bancal\u00e9 currently has a photovoltaic solar energy farm stock and stockholdings in different wind farms, all of them with top tier partners in thisRead more","og_url":"https:\/\/bancale.es\/en\/home-bancale-2\/inversion-2\/sectores-de-activadad-2\/energia\/","og_site_name":"Bancal\u00e9","article_modified_time":"2020-01-10T10:03:19+00:00","twitter_card":"summary_large_image","twitter_misc":{"Est. reading time":"1 minute"},"schema":{"@context":"https:\/\/schema.org","@graph":[{"@type":"WebPage","@id":"https:\/\/bancale.es\/en\/home-bancale-2\/inversion-2\/sectores-de-activadad-2\/energia\/","url":"https:\/\/bancale.es\/en\/home-bancale-2\/inversion-2\/sectores-de-activadad-2\/energia\/","name":"Energy - Bancal\u00e9","isPartOf":{"@id":"https:\/\/bancale.es\/en\/#website"},"datePublished":"2016-04-18T11:51:53+00:00","dateModified":"2020-01-10T10:03:19+00:00","breadcrumb":{"@id":"https:\/\/bancale.es\/en\/home-bancale-2\/inversion-2\/sectores-de-activadad-2\/energia\/#breadcrumb"},"inLanguage":"en-US","potentialAction":[{"@type":"ReadAction","target":["https:\/\/bancale.es\/en\/home-bancale-2\/inversion-2\/sectores-de-activadad-2\/energia\/"]}]},{"@type":"BreadcrumbList","@id":"https:\/\/bancale.es\/en\/home-bancale-2\/inversion-2\/sectores-de-activadad-2\/energia\/#breadcrumb","itemListElement":[{"@type":"ListItem","position":1,"name":"Portada","item":"https:\/\/bancale.es\/en\/"},{"@type":"ListItem","position":2,"name":"Home","item":"https:\/\/bancale.es\/en\/"},{"@type":"ListItem","position":3,"name":"Investment","item":"https:\/\/bancale.es\/en\/home-bancale-2\/inversion-2\/"},{"@type":"ListItem","position":4,"name":"Activity Sectors","item":"https:\/\/bancale.es\/en\/home-bancale-2\/inversion-2\/sectores-de-activadad-2\/"},{"@type":"ListItem","position":5,"name":"Energy"}]},{"@type":"WebSite","@id":"https:\/\/bancale.es\/en\/#website","url":"https:\/\/bancale.es\/en\/","name":"Bancal\u00e9","description":"Grupo","potentialAction":[{"@type":"SearchAction","target":{"@type":"EntryPoint","urlTemplate":"https:\/\/bancale.es\/en\/?s={search_term_string}"},"query-input":{"@type":"PropertyValueSpecification","valueRequired":true,"valueName":"search_term_string"}}],"inLanguage":"en-US"}]}},"_links":{"self":[{"href":"https:\/\/bancale.es\/en\/wp-json\/wp\/v2\/pages\/9086"}],"collection":[{"href":"https:\/\/bancale.es\/en\/wp-json\/wp\/v2\/pages"}],"about":[{"href":"https:\/\/bancale.es\/en\/wp-json\/wp\/v2\/types\/page"}],"author":[{"embeddable":true,"href":"https:\/\/bancale.es\/en\/wp-json\/wp\/v2\/users\/3"}],"replies":[{"embeddable":true,"href":"https:\/\/bancale.es\/en\/wp-json\/wp\/v2\/comments?post=9086"}],"version-history":[{"count":2,"href":"https:\/\/bancale.es\/en\/wp-json\/wp\/v2\/pages\/9086\/revisions"}],"predecessor-version":[{"id":9763,"href":"https:\/\/bancale.es\/en\/wp-json\/wp\/v2\/pages\/9086\/revisions\/9763"}],"up":[{"embeddable":true,"href":"https:\/\/bancale.es\/en\/wp-json\/wp\/v2\/pages\/9081"}],"wp:attachment":[{"href":"https:\/\/bancale.es\/en\/wp-json\/wp\/v2\/media?parent=9086"}],"curies":[{"name":"wp","href":"https:\/\/api.w.org\/{rel}","templated":true}]}}